{"id":238,"date":"2024-02-08T11:03:32","date_gmt":"2024-02-08T11:03:32","guid":{"rendered":"https:\/\/salongildi.ee\/?page_id=238"},"modified":"2024-02-28T12:54:28","modified_gmt":"2024-02-28T12:54:28","slug":"hinnakiri-m-p","status":"publish","type":"page","link":"https:\/\/salongildi.ee\/ru\/hinnakiri-m-p\/","title":{"rendered":"hinnakiri m\/p"},"content":{"rendered":"<div class=\"wp-block-columns is-layout-flex wp-container-core-columns-is-layout-28f84493 wp-block-columns-is-layout-flex\">\n<div class=\"wp-block-column is-layout-flow wp-block-column-is-layout-flow\">\n<p>Manik\u00fc\u00fcr lakkimisega<\/p>\n\n\n\n<p>Prantsuse manik\u00fc\u00fcr<\/p>\n\n\n\n<p>Manik\u00fc\u00fcr geellakiga<\/p>\n\n\n\n<p>Parafin k\u00e4tele<\/p>\n\n\n\n<hr class=\"wp-block-separator has-alpha-channel-opacity\"\/>\n<\/div>\n\n\n\n<div class=\"wp-block-column is-layout-flow wp-block-column-is-layout-flow\">\n<p>25 \u20ac                35 \u20ac<\/p>\n\n\n\n<p>45 \u20ac<\/p>\n\n\n\n<p>35 \u20ac                45 \u20ac<\/p>\n\n\n\n<p>15 \u20ac<\/p>\n<\/div>\n\n\n\n<div class=\"wp-block-column is-layout-flow wp-block-column-is-layout-flow\"><\/div>\n<\/div>\n\n\n\n<div class=\"wp-block-columns is-layout-flex wp-container-core-columns-is-layout-28f84493 wp-block-columns-is-layout-flex\">\n<div class=\"wp-block-column is-layout-flow wp-block-column-is-layout-flow\">\n<p>Pedik\u00fc\u00fcr lakkimisega<\/p>\n\n\n\n<p>Pedik\u00fc\u00fcr geellakiga<\/p>\n\n\n\n<p>Laste protseduurid<\/p>\n<\/div>\n\n\n\n<div class=\"wp-block-column is-layout-flow wp-block-column-is-layout-flow\">\n<p>35 \u20ac                45 \u20ac<\/p>\n\n\n\n<p>40 \u20ac                50 \u20ac<\/p>\n\n\n\n<p>10 \u20ac                 20 \u20ac<\/p>\n<\/div>\n\n\n\n<div class=\"wp-block-column is-layout-flow wp-block-column-is-layout-flow\"><\/div>\n<\/div>","protected":false},"excerpt":{"rendered":"<p>Manik\u00fc\u00fcr lakkimisega Prantsuse manik\u00fc\u00fcr Manik\u00fc\u00fcr geellakiga Parafin k\u00e4tele 25 \u20ac 35 \u20ac 45 \u20ac 35 \u20ac 45 \u20ac 15 \u20ac Pedik\u00fc\u00fcr lakkimisega Pedik\u00fc\u00fcr geellakiga Laste protseduurid 35 \u20ac 45 \u20ac 40 \u20ac 50 \u20ac 10 \u20ac 20 \u20ac<\/p>","protected":false},"author":1,"featured_media":0,"parent":0,"menu_order":0,"comment_status":"closed","ping_status":"closed","template":"","meta":{"om_disable_all_campaigns":false,"_monsterinsights_skip_tracking":false,"_monsterinsights_sitenote_active":false,"_monsterinsights_sitenote_note":"","_monsterinsights_sitenote_category":0,"_uf_show_specific_survey":0,"_uf_disable_surveys":false,"footnotes":""},"class_list":["post-238","page","type-page","status-publish","hentry"],"aioseo_notices":[],"_links":{"self":[{"href":"https:\/\/salongildi.ee\/ru\/wp-json\/wp\/v2\/pages\/238","targetHints":{"allow":["GET"]}}],"collection":[{"href":"https:\/\/salongildi.ee\/ru\/wp-json\/wp\/v2\/pages"}],"about":[{"href":"https:\/\/salongildi.ee\/ru\/wp-json\/wp\/v2\/types\/page"}],"author":[{"embeddable":true,"href":"https:\/\/salongildi.ee\/ru\/wp-json\/wp\/v2\/users\/1"}],"replies":[{"embeddable":true,"href":"https:\/\/salongildi.ee\/ru\/wp-json\/wp\/v2\/comments?post=238"}],"version-history":[{"count":4,"href":"https:\/\/salongildi.ee\/ru\/wp-json\/wp\/v2\/pages\/238\/revisions"}],"predecessor-version":[{"id":364,"href":"https:\/\/salongildi.ee\/ru\/wp-json\/wp\/v2\/pages\/238\/revisions\/364"}],"wp:attachment":[{"href":"https:\/\/salongildi.ee\/ru\/wp-json\/wp\/v2\/media?parent=238"}],"curies":[{"name":"wp","href":"https:\/\/api.w.org\/{rel}","templated":true}]}}