{"id":23,"date":"2024-01-24T17:24:02","date_gmt":"2024-01-24T17:24:02","guid":{"rendered":"https:\/\/salongildi.ee\/avaleht\/"},"modified":"2026-03-17T14:36:02","modified_gmt":"2026-03-17T14:36:02","slug":"avaleht","status":"publish","type":"page","link":"https:\/\/salongildi.ee\/et\/","title":{"rendered":"SALON GILDI esileht"},"content":{"rendered":"\r\n<div class=\"wp-block-columns are-vertically-aligned-center is-layout-flex wp-container-core-columns-is-layout-28f84493 wp-block-columns-is-layout-flex\">\r\n<div class=\"wp-block-column is-vertically-aligned-center is-layout-flow wp-block-column-is-layout-flow\" style=\"flex-basis: 100%;\">\r\n<div class=\"wp-block-cover\"><img loading=\"lazy\" decoding=\"async\" width=\"1280\" height=\"853\" class=\"wp-block-cover__image-background wp-image-329\" src=\"http:\/\/salongildi.ee\/wp-content\/uploads\/2024\/02\/image-2.jpeg\" alt=\"\" data-object-fit=\"cover\" srcset=\"https:\/\/salongildi.ee\/wp-content\/uploads\/2024\/02\/image-2.jpeg 1280w, https:\/\/salongildi.ee\/wp-content\/uploads\/2024\/02\/image-2-300x200.jpeg 300w, https:\/\/salongildi.ee\/wp-content\/uploads\/2024\/02\/image-2-1024x682.jpeg 1024w, https:\/\/salongildi.ee\/wp-content\/uploads\/2024\/02\/image-2-768x512.jpeg 768w, https:\/\/salongildi.ee\/wp-content\/uploads\/2024\/02\/image-2-18x12.jpeg 18w\" sizes=\"auto, (max-width: 1280px) 100vw, 1280px\" \/>\r\n<div class=\"wp-block-cover__inner-container is-layout-flow wp-block-cover-is-layout-flow\">\r\n<div class=\"wp-block-group has-global-padding is-layout-constrained wp-block-group-is-layout-constrained\">\r\n<div class=\"wp-block-group alignwide has-primary-color has-tertiary-background-color has-text-color has-background has-link-color wp-elements-9c26aee9dbdfa43d17b53e5d15b4df87 has-global-padding is-layout-constrained wp-block-group-is-layout-constrained\">\r\n<h2 class=\"wp-block-heading has-text-align-center has-primary-color has-vertical-tertiary-to-background-gradient-background has-text-color has-background has-link-color wp-elements-d6b77e72b754692c3c4b77b0eeccef53\">Meie salong \u00a0on loodud selleks,et pakkuda Sulle erilist l\u00f5\u00f5gastust ja hoolitsust.<\/h2>\r\n<h2 class=\"wp-block-heading has-text-align-center has-primary-color has-vertical-tertiary-to-background-gradient-background has-text-color has-background has-link-color\">Mitmekesised teenused aitavad taastada tasakaalu nii kehas kui meeles.<\/h2>\r\n<h2 class=\"wp-block-heading has-text-align-center has-primary-color has-vertical-tertiary-to-background-gradient-background has-text-color has-background has-link-color\">Uuendusena oleme lisanud valikusse ka N\u00c4OJOOGA- loomulik viis naha v\u00e4rskendaimiseks ja nooruslikkuse s\u00e4ilitamiseks.<\/h2>\r\n\r\n\r\n\r\n<div class=\"wp-block-buttons is-content-justification-center is-layout-flex wp-container-core-buttons-is-layout-a89b3969 wp-block-buttons-is-layout-flex\">\r\n<div class=\"wp-block-button\"><a class=\"wp-block-button__link wp-element-button\" href=\"https:\/\/salongildi.ee\/kontakt\/\" target=\"_blank\" rel=\"noreferrer noopener\">Kontakt<\/a><\/div>\r\n<\/div>\r\n<\/div>\r\n<\/div>\r\n<\/div>\r\n<\/div>\r\n<\/div>\r\n<\/div>\r\n\r\n\r\n\r\n<div class=\"wp-block-group alignfull has-background-background-color has-background has-global-padding is-layout-constrained wp-container-core-group-is-layout-fb85e995 wp-block-group-is-layout-constrained\" style=\"margin-top: 0; margin-bottom: 0; padding: var(--wp--preset--spacing--60) var(--wp--preset--spacing--30) var(--wp--preset--spacing--60) var(--wp--preset--spacing--30);\">\r\n<h2 class=\"wp-block-heading has-text-align-center has-primary-color has-text-color has-link-color has-medium-font-size wp-elements-4c36a6e40ebb9ccf072637b1034d500a\">Meie lugu ja missioon &#8211; P\u00fchendumus l\u00f5\u00f5gastuse ja ilu hetkede loomisele.<\/h2>\r\n\r\n\r\n\r\n<div class=\"wp-block-columns is-layout-flex wp-container-core-columns-is-layout-28f84493 wp-block-columns-is-layout-flex\">\r\n<div class=\"wp-block-column is-layout-flow wp-block-column-is-layout-flow\" style=\"flex-basis: 100%;\">\r\n<pre class=\"wp-block-verse has-text-align-center has-primary-color has-text-color has-link-color wp-elements-f5800dae8243f1c444b31156ce7acbab\">Salon Gildi on ilusalong Tartu vanalinnas. Pakume ILUTEENUSEID: juuksehooldusi ja n\u00e4ojoogat. Ajalooline h\u00f5ng, meeldiv teenindus, asjatundlik meeskond. Teie ideaalse ilu sihtkoht.<\/pre>\r\n<\/div>\r\n<\/div>\r\n\r\n\r\n\r\n<div class=\"wp-block-group alignwide is-nowrap is-layout-flex wp-container-core-group-is-layout-6c531013 wp-block-group-is-layout-flex\">\r\n<figure class=\"wp-block-gallery has-nested-images columns-default is-cropped wp-block-gallery-1 is-layout-flex wp-block-gallery-is-layout-flex\">\r\n<figure class=\"wp-block-image size-large\"><img loading=\"lazy\" decoding=\"async\" width=\"319\" height=\"320\" data-id=\"29\" class=\"wp-image-29\" src=\"https:\/\/salongildi.ee\/wp-content\/uploads\/2024\/01\/Darphin.jpg\" alt=\"\" srcset=\"https:\/\/salongildi.ee\/wp-content\/uploads\/2024\/01\/Darphin.jpg 319w, https:\/\/salongildi.ee\/wp-content\/uploads\/2024\/01\/Darphin-300x300.jpg 300w, https:\/\/salongildi.ee\/wp-content\/uploads\/2024\/01\/Darphin-150x150.jpg 150w, https:\/\/salongildi.ee\/wp-content\/uploads\/2024\/01\/Darphin-100x100.jpg 100w\" sizes=\"auto, (max-width: 319px) 100vw, 319px\" \/><\/figure>\r\n\r\n\r\n\r\n<figure class=\"wp-block-image size-large\"><img loading=\"lazy\" decoding=\"async\" width=\"683\" height=\"1024\" data-id=\"27\" class=\"wp-image-27\" src=\"https:\/\/salongildi.ee\/wp-content\/uploads\/2024\/01\/SPA_GUIDELINES_1-1.5_V_LR-683x1024.jpg\" alt=\"\" srcset=\"https:\/\/salongildi.ee\/wp-content\/uploads\/2024\/01\/SPA_GUIDELINES_1-1.5_V_LR-683x1024.jpg 683w, https:\/\/salongildi.ee\/wp-content\/uploads\/2024\/01\/SPA_GUIDELINES_1-1.5_V_LR-200x300.jpg 200w, https:\/\/salongildi.ee\/wp-content\/uploads\/2024\/01\/SPA_GUIDELINES_1-1.5_V_LR-600x900.jpg 600w, https:\/\/salongildi.ee\/wp-content\/uploads\/2024\/01\/SPA_GUIDELINES_1-1.5_V_LR.jpg 756w\" sizes=\"auto, (max-width: 683px) 100vw, 683px\" \/><\/figure>\r\n\r\n\r\n\r\n<figure class=\"wp-block-image size-large\"><img loading=\"lazy\" decoding=\"async\" width=\"580\" height=\"580\" data-id=\"31\" class=\"wp-image-31\" src=\"https:\/\/salongildi.ee\/wp-content\/uploads\/2024\/01\/Everything_You_Need_to_Know_About_Ginger_Hair_Extensions.jpg.webp\" alt=\"\" srcset=\"https:\/\/salongildi.ee\/wp-content\/uploads\/2024\/01\/Everything_You_Need_to_Know_About_Ginger_Hair_Extensions.jpg.webp 580w, https:\/\/salongildi.ee\/wp-content\/uploads\/2024\/01\/Everything_You_Need_to_Know_About_Ginger_Hair_Extensions.jpg-300x300.webp 300w, https:\/\/salongildi.ee\/wp-content\/uploads\/2024\/01\/Everything_You_Need_to_Know_About_Ginger_Hair_Extensions.jpg-150x150.webp 150w, https:\/\/salongildi.ee\/wp-content\/uploads\/2024\/01\/Everything_You_Need_to_Know_About_Ginger_Hair_Extensions.jpg-400x400.webp 400w, https:\/\/salongildi.ee\/wp-content\/uploads\/2024\/01\/Everything_You_Need_to_Know_About_Ginger_Hair_Extensions.jpg-100x100.webp 100w\" sizes=\"auto, (max-width: 580px) 100vw, 580px\" \/><\/figure>\r\n<\/figure>\r\n<\/div>\r\n<\/div>\r\n\r\n\r\n\r\n<div class=\"wp-block-cover alignwide\"><img decoding=\"async\" class=\"wp-block-cover__image-background\" src=\"https:\/\/images.unsplash.com\/photo-1548110579-405ee7448814?fit=crop&amp;crop=entropy%2Cfaces&amp;auto=format%2Ccompress&amp;w=1280\" alt=\"\" data-object-fit=\"cover\" \/>\r\n<div class=\"wp-block-cover__inner-container is-layout-flow wp-block-cover-is-layout-flow\">\r\n<div class=\"wp-block-group has-foreground-color has-tertiary-background-color has-text-color has-background has-global-padding is-content-justification-center is-layout-constrained wp-container-core-group-is-layout-dce6736a wp-block-group-is-layout-constrained\" style=\"border-top-left-radius: 4px; border-top-right-radius: 4px; border-bottom-left-radius: 0px; border-bottom-right-radius: 0px; padding: var(--wp--preset--spacing--40);\">\r\n<h2 id=\"we-re-a-studio-in-berlin-with-an-international-practice-in-architecture-urban-planning-and-interior-design-we-believe-in-sharing-knowledge-and-promoting-dialogue-to-increase-the-creative-potential-of-collaboration\" class=\"wp-block-heading alignwide has-text-align-center has-primary-color has-text-color has-link-color wp-elements-c872586993d7e06a0ac4119c4753f5c3\" style=\"font-size:clamp(17.905px, 1.119rem + ((1vw - 3.2px) * 1.052), 28px); line-height: 1.1;\">Koge salongi erip\u00e4ra \u00a0ja lahku l\u00f5\u00f5gastununa ning s\u00e4ravana<\/h2>\r\n\r\n\r\n\r\n<p class=\"has-text-align-center has-primary-color has-text-color\" style=\"margin-top: 16px;\">K\u00fclasta meie retrostiilis salongi Tartu vanalinnas. Pakume hoolitsevaid juuksehooldusi ja tasakaalustavat n\u00e4ojoogat, mis toetavad sinu v\u00e4limust kui heaolu.<\/p>\r\n<p class=\"has-text-align-center has-primary-color has-text-color\" style=\"margin-top: 16px;\"><a class=\"wp-block-button__link has-background-color has-primary-background-color has-text-color has-background has-link-color wp-element-button\" href=\"https:\/\/salongildi.ee\/broneering\/kontakt\/\" target=\"_blank\" rel=\"noreferrer noopener\">Registreeri aeg n\u00fc\u00fcd<\/a><\/p>\r\n<\/div>\r\n<\/div>\r\n<\/div>\r\n\r\n\r\n\r\n<div class=\"wp-block-group alignfull has-background-background-color has-background has-global-padding is-layout-constrained wp-container-core-group-is-layout-68d5e5bb wp-block-group-is-layout-constrained\" style=\"margin-top: 0; margin-bottom: 0; padding: var(--wp--preset--spacing--50) var(--wp--preset--spacing--30) var(--wp--preset--spacing--60) var(--wp--preset--spacing--30);\">\r\n<div class=\"wp-block-columns alignwide is-layout-flex wp-container-core-columns-is-layout-47c06fe3 wp-block-columns-is-layout-flex\">\r\n<div class=\"wp-block-column is-layout-flow wp-block-column-is-layout-flow\">\r\n<h3 class=\"wp-block-heading has-primary-color has-text-color has-link-color has-medium-font-size wp-elements-3ed7506cc1e6ba9bfdb4702ed3f00794\" style=\"margin-top: 12px; text-transform: capitalize;\">Miks valida Salon Gildi?<\/h3>\r\n\r\n\r\n\r\n<pre class=\"wp-block-verse has-primary-color has-vertical-tertiary-to-background-gradient-background has-text-color has-background has-link-color has-medium-font-size wp-elements-6443aa6ff01f2255a74dd8802c5a4daa\" style=\"margin-top: 16px;\">L\u00f5\u00f5gastus Oaas Tartus, tipptasemel teenused, rahustav atmosf\u00e4\u00e4r.<\/pre>\r\n<\/div>\r\n\r\n\r\n\r\n<div class=\"wp-block-column is-layout-flow wp-block-column-is-layout-flow\">\r\n<div class=\"wp-block-group has-global-padding is-layout-constrained wp-block-group-is-layout-constrained\">\r\n<h3 class=\"wp-block-heading\" style=\"margin-top: 16px; font-size:clamp(14px, 0.875rem + ((1vw - 3.2px) * 0.625), 20px); line-height: 1.5;\">L\u00f5\u00f5gastavad iluhoolduste valikud<\/h3>\r\n\r\n\r\n\r\n<pre class=\"wp-block-verse has-primary-color has-vertical-tertiary-to-background-gradient-background has-text-color has-background has-link-color has-small-font-size wp-elements-c53d38861b8fd4f4c7805ff5aeeed5a4\" style=\"margin-top: 8px;\">L\u00f5\u00f5gastus Oaas on - isikup\u00e4erane ilusalong Tartus, mis pakub mitmek\u00fclgseid l\u00f5\u00f5gastavaid teenuseid, sealhulgas n\u00e4ojoogat. <\/pre>\r\n<\/div>\r\n\r\n\r\n\r\n<div class=\"wp-block-group has-global-padding is-layout-constrained wp-block-group-is-layout-constrained\">\r\n<h3 class=\"wp-block-heading\" style=\"margin-top: 16px; font-size:clamp(14px, 0.875rem + ((1vw - 3.2px) * 0.625), 20px); line-height: 1.5;\">Noorendav n\u00e4ojooga<\/h3>\r\n\r\n\r\n\r\n<pre class=\"wp-block-verse has-primary-color has-vertical-tertiary-to-background-gradient-background has-text-color has-background has-link-color has-small-font-size wp-elements-00114b68f3c6a37121f432089f2a4b7c\" style=\"margin-top: 8px;\">L\u00f5\u00f5gastus Oaas - ilusalong Tartus. Massaa\u017e, n\u00e4ohooldus, n\u00e4ojooga <\/pre>\r\n<\/div>\r\n<\/div>\r\n\r\n\r\n\r\n<div class=\"wp-block-column is-layout-flow wp-block-column-is-layout-flow\">\r\n<div class=\"wp-block-group has-global-padding is-layout-constrained wp-block-group-is-layout-constrained\">\r\n<h3 class=\"wp-block-heading\" style=\"margin-top: 16px; font-size:clamp(14px, 0.875rem + ((1vw - 3.2px) * 0.625), 20px); line-height: 1.5;\">Kogenud iluspetsialistid<\/h3>\r\n\r\n\r\n\r\n<pre class=\"wp-block-verse has-primary-color has-vertical-tertiary-to-background-gradient-background has-text-color has-background has-link-color has-small-font-size wp-elements-04a7ac2365caf75c925f768a1b2ce6f3\" style=\"margin-top: 8px;\">Meie meeskond tagab teile kvaliteetse teeninduse ja t\u00e4ieliku l\u00f5\u00f5gastuse, pakkudes mitmek\u00fclgseid iluteenuseid.<\/pre>\r\n<\/div>\r\n\r\n\r\n\r\n<div class=\"wp-block-group has-global-padding is-layout-constrained wp-block-group-is-layout-constrained\">\r\n<h3 class=\"wp-block-heading\" style=\"margin-top: 16px; font-size:clamp(14px, 0.875rem + ((1vw - 3.2px) * 0.625), 20px); line-height: 1.5;\">Tippklassi juuksehooldused<\/h3>\r\n\r\n\r\n\r\n<pre class=\"wp-block-verse has-primary-color has-vertical-tertiary-to-background-gradient-background has-text-color has-background has-link-color has-small-font-size wp-elements-d1e41fd865d9bfff3111299048f7f669\" style=\"margin-top: 8px;\">Meie salongis Tartus pakutakse juuksuri teenuseid ja n\u00e4ojoogat.<\/pre>\r\n<\/div>\r\n\r\n\r\n\r\n<div class=\"wp-block-group has-global-padding is-layout-constrained wp-block-group-is-layout-constrained\">\r\n<h3 class=\"wp-block-heading\" style=\"margin-top: 16px; font-size:clamp(14px, 0.875rem + ((1vw - 3.2px) * 0.625), 20px); line-height: 1.5;\">Rahustav atmosf\u00e4\u00e4r<\/h3>\r\n\r\n\r\n\r\n<pre class=\"wp-block-verse has-primary-color has-vertical-tertiary-to-background-gradient-background has-text-color has-background has-link-color has-small-font-size wp-elements-912086808b0cc02f0bf50b7491df7951\" style=\"margin-top: 8px;\">L\u00f5\u00f5gastus Oaas - Meie kogenud ja hoolivad teenindajad pakuvad kvaliteetseid iluteenuseid, sealhulgas juuksuriteenust ja n\u00f6ojoogat, et saaksid tunda end kaunina.<\/pre>\r\n<\/div>\r\n<\/div>\r\n<\/div>\r\n<\/div>\r\n\r\n\r\n\r\n<div class=\"wp-block-group alignfull has-background-background-color has-background has-global-padding is-layout-constrained wp-container-core-group-is-layout-c03f3b2a wp-block-group-is-layout-constrained\" style=\"padding: var(--wp--preset--spacing--60) var(--wp--preset--spacing--30) var(--wp--preset--spacing--60) var(--wp--preset--spacing--30);\">\r\n<div class=\"wp-block-media-text alignwide has-media-on-the-right is-stacked-on-mobile is-vertically-aligned-center is-image-fill\" style=\"padding-right: 0; padding-left: 0; grid-template-columns: auto 47%;\">\r\n<div class=\"wp-block-media-text__content\">\r\n<div class=\"wp-block-group has-global-padding is-content-justification-left is-layout-constrained wp-container-core-group-is-layout-cdff7eec wp-block-group-is-layout-constrained\" style=\"padding: var(--wp--preset--spacing--30) 0 var(--wp--preset--spacing--30) 0;\">\r\n<h3 class=\"wp-block-heading has-primary-color has-text-color has-link-color has-medium-font-size wp-elements-ed14c2ae83c40a156abd9a917f0506f8\" style=\"margin-top: 12px; font-style: normal; font-weight: 400; text-transform: uppercase;\">Broneeri endale aeg KOHE juuksehoolduseks v\u00f5i n\u00e4ojoogaks meie ajaloolises salongis !<\/h3>\r\n\r\n\r\n\r\n<p class=\"has-vertical-tertiary-to-background-gradient-background has-background\" style=\"margin-top: 16px;\">Kui ihaldad noorendavat ja t\u00e4ielikku heaolu, broneeri oma iluhooldus Tartu vanalinnas juba t\u00e4na! Meie iluspetsialistid ootavad sind.<\/p>\r\n\r\n\r\n\r\n<ul class=\"has-small-font-size wp-block-list\" style=\"line-height: 2;\">\r\n<li class=\"has-small-font-size\">L\u00f5\u00f5gastav n\u00e4ojooga<\/li>\r\n\r\n\r\n\r\n<li class=\"has-small-font-size\">Kogenud iluspetsialistid<\/li>\r\n\r\n\r\n\r\n<li class=\"has-small-font-size\">Ajalooh\u00f5nguline rahustav \u00f5hkkond<\/li>\r\n\r\n\r\n\r\n<li class=\"has-small-font-size\">Tippklassi juuksehooldused<\/li>\r\n\r\n\r\n<\/ul>\r\n\r\n\r\n\r\n<div class=\"wp-block-buttons is-layout-flex wp-container-core-buttons-is-layout-12dcd427 wp-block-buttons-is-layout-flex\" style=\"margin-top: var(--wp--preset--spacing--40);\">\r\n<div class=\"wp-block-button\"><a class=\"wp-block-button__link wp-element-button\" href=\"https:\/\/salongildi.ee\/broneering\/kontakt\/\" target=\"_blank\" rel=\"noreferrer noopener\">Registreeri aeg n\u00fc\u00fcd<\/a><\/div>\r\n\r\n\r\n\r\n<div class=\"wp-block-button is-style-outline is-style-outline--2\"><a class=\"wp-block-button__link wp-element-button\" href=\"https:\/\/salongildi.ee\/?page_id=292\" target=\"_blank\" rel=\"noreferrer noopener\">Uuri rohkem teavet<\/a><\/div>\r\n<\/div>\r\n<\/div>\r\n<\/div>\r\n<figure class=\"wp-block-media-text__media\" style=\"background-image: url('https:\/\/salongildi.ee\/wp-content\/uploads\/2024\/01\/SPA_GUIDELINES_1.0-1_LR-1024x1024.jpg'); background-position: 50% 50%;\"><img loading=\"lazy\" decoding=\"async\" width=\"1024\" height=\"1024\" class=\"wp-image-35 size-full\" src=\"https:\/\/salongildi.ee\/wp-content\/uploads\/2024\/01\/SPA_GUIDELINES_1.0-1_LR-1024x1024.jpg\" alt=\"\" srcset=\"https:\/\/salongildi.ee\/wp-content\/uploads\/2024\/01\/SPA_GUIDELINES_1.0-1_LR-1024x1024.jpg 1024w, https:\/\/salongildi.ee\/wp-content\/uploads\/2024\/01\/SPA_GUIDELINES_1.0-1_LR-300x300.jpg 300w, https:\/\/salongildi.ee\/wp-content\/uploads\/2024\/01\/SPA_GUIDELINES_1.0-1_LR-150x150.jpg 150w, https:\/\/salongildi.ee\/wp-content\/uploads\/2024\/01\/SPA_GUIDELINES_1.0-1_LR-768x768.jpg 768w, https:\/\/salongildi.ee\/wp-content\/uploads\/2024\/01\/SPA_GUIDELINES_1.0-1_LR-400x400.jpg 400w, https:\/\/salongildi.ee\/wp-content\/uploads\/2024\/01\/SPA_GUIDELINES_1.0-1_LR-600x600.jpg 600w, https:\/\/salongildi.ee\/wp-content\/uploads\/2024\/01\/SPA_GUIDELINES_1.0-1_LR-100x100.jpg 100w, https:\/\/salongildi.ee\/wp-content\/uploads\/2024\/01\/SPA_GUIDELINES_1.0-1_LR.jpg 1134w\" sizes=\"auto, (max-width: 1024px) 100vw, 1024px\" \/><\/figure>\r\n<\/div>\r\n<\/div>\r\n\r\n\r\n\r\n<div class=\"wp-block-cover aligncenter is-light\"><img loading=\"lazy\" decoding=\"async\" width=\"1280\" height=\"853\" class=\"wp-block-cover__image-background wp-image-324\" src=\"http:\/\/salongildi.ee\/wp-content\/uploads\/2024\/02\/image.jpeg\" alt=\"\" data-object-fit=\"cover\" srcset=\"https:\/\/salongildi.ee\/wp-content\/uploads\/2024\/02\/image.jpeg 1280w, https:\/\/salongildi.ee\/wp-content\/uploads\/2024\/02\/image-300x200.jpeg 300w, https:\/\/salongildi.ee\/wp-content\/uploads\/2024\/02\/image-1024x682.jpeg 1024w, https:\/\/salongildi.ee\/wp-content\/uploads\/2024\/02\/image-768x512.jpeg 768w, https:\/\/salongildi.ee\/wp-content\/uploads\/2024\/02\/image-18x12.jpeg 18w\" sizes=\"auto, (max-width: 1280px) 100vw, 1280px\" \/>\r\n<div class=\"wp-block-cover__inner-container is-layout-flow wp-block-cover-is-layout-flow\">\r\n<div class=\"wp-block-group alignfull has-global-padding is-layout-constrained wp-container-core-group-is-layout-7276a2bb wp-block-group-is-layout-constrained\" style=\"margin-top: 0; margin-bottom: 0; padding: var(--wp--preset--spacing--60) var(--wp--preset--spacing--30) var(--wp--preset--spacing--60) var(--wp--preset--spacing--30);\">\r\n<div class=\"wp-block-group alignwide has-global-padding is-content-justification-left is-layout-constrained wp-container-core-group-is-layout-8b4c372c wp-block-group-is-layout-constrained\">\r\n<h3 class=\"wp-block-heading has-text-align-center has-primary-color has-text-color has-link-color wp-elements-335d4ec8faa2829366016807291d4893\">Meie iluteenused<\/h3>\r\n\r\n\r\n\r\n<p class=\"has-text-align-center has-primary-color has-tertiary-background-color has-text-color has-background has-link-color wp-elements-5a8ef635aae3cc6e3fa2506d91171acf\" style=\"margin-top: 16px;\">Salon Gildi pakub mitmekesiseid l\u00f5\u00f5gastavaid iluteenuseid, sealhulgas juuksuriteenust ja n\u00e4ojoogat. Meie kogenud meeskond tagab professionaalse teeninduse ning kasutab ainult k\u00f5rgekvaliteedilisi tooteid, et pakkuda parimat v\u00f5imalikku tulemust.<\/p>\r\n<\/div>\r\n\r\n\r\n\r\n<div class=\"wp-block-columns alignwide is-layout-flex wp-container-core-columns-is-layout-d0846407 wp-block-columns-is-layout-flex\">\r\n<div class=\"wp-block-column is-layout-flow wp-block-column-is-layout-flow\">\r\n<figure class=\"wp-block-image aligncenter size-full is-resized ext-aspect-landscape\"><img loading=\"lazy\" decoding=\"async\" width=\"640\" height=\"400\" class=\"wp-image-43\" style=\"width: 341px; height: auto;\" src=\"https:\/\/salongildi.ee\/wp-content\/uploads\/2024\/01\/Evidence-Based_db1b4e63-9d14-40c6-baad-32c51be1073b_1024x400.jpg.webp\" alt=\"\" srcset=\"https:\/\/salongildi.ee\/wp-content\/uploads\/2024\/01\/Evidence-Based_db1b4e63-9d14-40c6-baad-32c51be1073b_1024x400.jpg.webp 640w, https:\/\/salongildi.ee\/wp-content\/uploads\/2024\/01\/Evidence-Based_db1b4e63-9d14-40c6-baad-32c51be1073b_1024x400.jpg-300x188.webp 300w, https:\/\/salongildi.ee\/wp-content\/uploads\/2024\/01\/Evidence-Based_db1b4e63-9d14-40c6-baad-32c51be1073b_1024x400.jpg-18x12.webp 18w, https:\/\/salongildi.ee\/wp-content\/uploads\/2024\/01\/Evidence-Based_db1b4e63-9d14-40c6-baad-32c51be1073b_1024x400.jpg-600x375.webp 600w\" sizes=\"auto, (max-width: 640px) 100vw, 640px\" \/><\/figure>\r\n\r\n\r\n\r\n<h3 class=\"wp-block-heading has-text-align-center has-primary-color has-text-color has-link-color wp-elements-e5fd917c923091e60a1f2ab5193e7d5b\" style=\"margin-top: 24px; font-size:clamp(14px, 0.875rem + ((1vw - 3.2px) * 0.625), 20px); line-height: 1.5;\">Juuksur<\/h3>\r\n\r\n\r\n\r\n<p class=\"has-primary-color has-tertiary-background-color has-text-color has-background has-link-color has-small-font-size wp-elements-7309c6fc6d65eeb717777ee1633b1ea8\" style=\"margin-top: 8px;\">Pakume kvaliteetset juuksuriteenust igap\u00e4evaseks hoolduseks ja hoolitsetud v\u00e4limuse saavutamiseks.<\/p>\r\n\r\n\r\n\r\n<div class=\"wp-block-buttons is-content-justification-center is-layout-flex wp-container-core-buttons-is-layout-a89b3969 wp-block-buttons-is-layout-flex\">\r\n<div class=\"wp-block-button has-custom-font-size is-style-fill has-small-font-size\"><a class=\"wp-block-button__link wp-element-button\" href=\"https:\/\/salongildi.ee\/?page_id=191\" target=\"_blank\" rel=\"noreferrer noopener\">Hinnakiri<\/a><\/div>\r\n<\/div>\r\n<\/div>\r\n\r\n\r\n\r\n<div class=\"wp-block-column is-layout-flow wp-block-column-is-layout-flow\">\r\n<figure class=\"wp-block-image aligncenter size-full is-resized ext-aspect-landscape\"><img loading=\"lazy\" decoding=\"async\" width=\"626\" height=\"417\" class=\"wp-image-44\" style=\"width: 323px; height: auto;\" src=\"https:\/\/salongildi.ee\/wp-content\/uploads\/2024\/01\/15-nsc-blog.jpg\" alt=\"\" srcset=\"https:\/\/salongildi.ee\/wp-content\/uploads\/2024\/01\/15-nsc-blog.jpg 626w, https:\/\/salongildi.ee\/wp-content\/uploads\/2024\/01\/15-nsc-blog-300x200.jpg 300w, https:\/\/salongildi.ee\/wp-content\/uploads\/2024\/01\/15-nsc-blog-18x12.jpg 18w, https:\/\/salongildi.ee\/wp-content\/uploads\/2024\/01\/15-nsc-blog-600x400.jpg 600w\" sizes=\"auto, (max-width: 626px) 100vw, 626px\" \/><\/figure>\r\n\r\n\r\n\r\n<h3 class=\"wp-block-heading has-text-align-center has-primary-color has-text-color has-link-color wp-elements-5b722dcedb02350ce7048821f7be1960\" style=\"margin-top: 24px; font-size:clamp(14px, 0.875rem + ((1vw - 3.2px) * 0.625), 20px); line-height: 1.5;\">N\u00e4ojooga<\/h3>\r\n\r\n\r\n\r\n<p class=\"has-primary-color has-tertiary-background-color has-text-color has-background has-link-color has-small-font-size wp-elements-354efd42b0242490a888aecca2be0bf2\" style=\"margin-top: 8px;\">N\u00e4ojooga on loomulik ja t\u00f5hus viis n\u00e4olihaste treenimiseks, aidates parandada naha toonust ja s\u00e4ilitada v\u00e4rsket v\u00e4limust.<\/p>\r\n\r\n\r\n\r\n<div class=\"wp-block-buttons is-content-justification-center is-layout-flex wp-container-core-buttons-is-layout-a89b3969 wp-block-buttons-is-layout-flex\">\r\n<div class=\"wp-block-button has-custom-font-size has-small-font-size\"><a class=\"wp-block-button__link wp-element-button\" href=\"https:\/\/salongildi.ee\/hinnakiri-kosmeet\/\" target=\"_blank\" rel=\"noreferrer noopener\">Hinnakiri<\/a><\/div>\r\n<\/div>\r\n<\/div>\r\n\r\n\r\n\r\n<div class=\"wp-block-column is-layout-flow wp-block-column-is-layout-flow\">\r\n\r\n\r\n<p class=\"has-primary-color has-tertiary-background-color has-text-color has-background has-link-color has-small-font-size wp-elements-7d161e49076b35756e6dcd0fa7d5a944\" style=\"margin-top: 8px;\">\u00a0<\/p>\r\n\r\n\r\n\r\n<div class=\"wp-block-buttons is-content-justification-center is-layout-flex wp-container-core-buttons-is-layout-a89b3969 wp-block-buttons-is-layout-flex\"><\/div>\r\n<\/div>\r\n<\/div>\r\n<\/div>\r\n<\/div>\r\n<\/div>\r\n","protected":false},"excerpt":{"rendered":"<p>Meie lugu ja missioon &#8211; P\u00fchendumus l\u00f5\u00f5gastuse ja ilu hetkede loomisele. Salon Gildi on ilusalong Tartu vanalinnas. Pakume ILUTEENUSEID: juuksehooldusi ja n\u00e4ojoogat. Ajalooline h\u00f5ng, meeldiv teenindus, asjatundlik meeskond. Teie ideaalse ilu sihtkoht. Miks valida Salon Gildi? L\u00f5\u00f5gastus Oaas Tartus, tipptasemel teenused, rahustav atmosf\u00e4\u00e4r. L\u00f5\u00f5gastavad iluhoolduste valikud L\u00f5\u00f5gastus Oaas on &#8211; isikup\u00e4erane ilusalong Tartus, mis pakub [&hellip;]<\/p>\n","protected":false},"author":1,"featured_media":0,"parent":0,"menu_order":0,"comment_status":"closed","ping_status":"closed","template":"","meta":{"om_disable_all_campaigns":false,"_monsterinsights_skip_tracking":false,"_monsterinsights_sitenote_active":false,"_monsterinsights_sitenote_note":"","_monsterinsights_sitenote_category":0,"_uf_show_specific_survey":0,"_uf_disable_surveys":false,"footnotes":""},"class_list":["post-23","page","type-page","status-publish","hentry"],"aioseo_notices":[],"_links":{"self":[{"href":"https:\/\/salongildi.ee\/et\/wp-json\/wp\/v2\/pages\/23","targetHints":{"allow":["GET"]}}],"collection":[{"href":"https:\/\/salongildi.ee\/et\/wp-json\/wp\/v2\/pages"}],"about":[{"href":"https:\/\/salongildi.ee\/et\/wp-json\/wp\/v2\/types\/page"}],"author":[{"embeddable":true,"href":"https:\/\/salongildi.ee\/et\/wp-json\/wp\/v2\/users\/1"}],"replies":[{"embeddable":true,"href":"https:\/\/salongildi.ee\/et\/wp-json\/wp\/v2\/comments?post=23"}],"version-history":[{"count":42,"href":"https:\/\/salongildi.ee\/et\/wp-json\/wp\/v2\/pages\/23\/revisions"}],"predecessor-version":[{"id":402,"href":"https:\/\/salongildi.ee\/et\/wp-json\/wp\/v2\/pages\/23\/revisions\/402"}],"wp:attachment":[{"href":"https:\/\/salongildi.ee\/et\/wp-json\/wp\/v2\/media?parent=23"}],"curies":[{"name":"wp","href":"https:\/\/api.w.org\/{rel}","templated":true}]}}