{"id":20,"date":"2024-01-24T17:23:56","date_gmt":"2024-01-24T17:23:56","guid":{"rendered":"https:\/\/salongildi.ee\/broneering\/"},"modified":"2025-04-17T03:41:29","modified_gmt":"2025-04-17T03:41:29","slug":"broneering","status":"publish","type":"page","link":"https:\/\/salongildi.ee\/et\/broneering\/","title":{"rendered":"Broneeri"},"content":{"rendered":"\n<div class=\"wp-block-group alignfull has-background-background-color has-background has-global-padding is-layout-constrained wp-container-core-group-is-layout-33b721a0 wp-block-group-is-layout-constrained\" style=\"margin-top:0;margin-bottom:0;padding-top:0;padding-right:0;padding-left:0\">\n<div class=\"wp-block-group alignfull has-global-padding is-layout-constrained wp-block-group-is-layout-constrained\">\n<div class=\"wp-block-cover alignfull\" style=\"padding-top:0;padding-right:var(--wp--preset--spacing--30);padding-bottom:0;padding-left:var(--wp--preset--spacing--30);min-height:50px;aspect-ratio:unset;\"><span aria-hidden=\"true\" class=\"wp-block-cover__background has-black-background-color has-background-dim-60 has-background-dim\"><\/span><img loading=\"lazy\" decoding=\"async\" width=\"1280\" height=\"1707\" class=\"wp-block-cover__image-background wp-image-391\" alt=\"\" src=\"http:\/\/salongildi.ee\/wp-content\/uploads\/2025\/04\/3f93b0663e37635a5cda11ad1cc68438d76f9a89.jpg\" data-object-fit=\"cover\" srcset=\"https:\/\/salongildi.ee\/wp-content\/uploads\/2025\/04\/3f93b0663e37635a5cda11ad1cc68438d76f9a89.jpg 1280w, https:\/\/salongildi.ee\/wp-content\/uploads\/2025\/04\/3f93b0663e37635a5cda11ad1cc68438d76f9a89-225x300.jpg 225w, https:\/\/salongildi.ee\/wp-content\/uploads\/2025\/04\/3f93b0663e37635a5cda11ad1cc68438d76f9a89-768x1024.jpg 768w, https:\/\/salongildi.ee\/wp-content\/uploads\/2025\/04\/3f93b0663e37635a5cda11ad1cc68438d76f9a89-1152x1536.jpg 1152w, https:\/\/salongildi.ee\/wp-content\/uploads\/2025\/04\/3f93b0663e37635a5cda11ad1cc68438d76f9a89-9x12.jpg 9w\" sizes=\"auto, (max-width: 1280px) 100vw, 1280px\" \/><div class=\"wp-block-cover__inner-container is-layout-flow wp-block-cover-is-layout-flow\">\n<div class=\"wp-block-group has-global-padding is-layout-constrained wp-block-group-is-layout-constrained\" style=\"padding-top:var(--wp--preset--spacing--60);padding-bottom:var(--wp--preset--spacing--60)\">\n<div class=\"wp-block-group alignwide has-global-padding is-content-justification-center is-layout-constrained wp-block-group-is-layout-constrained\">\n<p class=\"has-text-align-center has-primary-color has-tertiary-background-color has-text-color has-background\" style=\"margin-top:16px\">Broneeri endale v\u00e4rskendav ilup\u00e4ev meie retro stiilis ilusalongis Tartu vanalinnas ning avasta tippklassi juuksehoolduste maagia.<\/p>\n<\/div>\n<\/div>\n<\/div><\/div>\n<\/div>\n<\/div>\n\n\n\n<div class=\"wp-block-group has-global-padding is-layout-constrained wp-block-group-is-layout-constrained\">\n<div class=\"wp-block-columns is-layout-flex wp-container-core-columns-is-layout-28f84493 wp-block-columns-is-layout-flex\">\n<div class=\"wp-block-column is-layout-flow wp-block-column-is-layout-flow\" style=\"flex-basis:100%\">\n<div class=\"wp-block-columns are-vertically-aligned-top is-layout-flex wp-container-core-columns-is-layout-28f84493 wp-block-columns-is-layout-flex\">\n<div class=\"wp-block-column is-vertically-aligned-center is-layout-flow wp-block-column-is-layout-flow\" style=\"flex-basis:100%\">\n<div class=\"wp-block-group has-global-padding is-layout-constrained wp-block-group-is-layout-constrained\">\n<div class=\"wp-block-columns are-vertically-aligned-top is-layout-flex wp-container-core-columns-is-layout-28f84493 wp-block-columns-is-layout-flex\">\n<div class=\"wp-block-column is-vertically-aligned-top is-layout-flow wp-block-column-is-layout-flow\" style=\"flex-basis:100%\">\n<div class=\"wp-block-group has-global-padding is-layout-constrained wp-block-group-is-layout-constrained\"><style id=\"wpforms-css-vars-109-block-1a277413-3204-4d5f-8208-f28564d94652\">\n\t\t\t\t#wpforms-109.wpforms-block-1a277413-3204-4d5f-8208-f28564d94652 {\n\t\t\t\t--wpforms-field-background-color: #dbd3ce;\n--wpforms-field-border-color: #dbd3ce;\n--wpforms-field-border-color-spare: #dbd3ce;\n--wpforms-field-text-color: #3b2300;\n--wpforms-label-color: #3b2300;\n--wpforms-label-sublabel-color: #3b2300;\n--wpforms-button-background-color: #3b2300;\n--wpforms-button-text-color: #dbd3ce;\n--wpforms-button-size-font-size: 14px;\n--wpforms-button-size-height: 37px;\n--wpforms-button-size-padding-h: 15px;\n--wpforms-button-size-margin-top: 5px;\n\t\t\t}\n\t\t\t<\/style>\n\n\n<div class=\"wp-block-columns is-layout-flex wp-container-core-columns-is-layout-28f84493 wp-block-columns-is-layout-flex\">\n<div class=\"wp-block-column is-layout-flow wp-block-column-is-layout-flow\">\n<p>Kuidas v\u00e4rv aja jooksul tuhmub<\/p>\n\n\n\n<p>Juuksev\u00e4rv tuhmub aja jooksul erinevate tegurite m\u00f5jul. Juuste pesemine, p\u00e4ikese k\u00e4es viibimine ja kuumuse kujundamine v\u00f5ivad k\u00f5ik p\u00f5hjustada v\u00e4rvi tuhmumist. Isegi teie kraanivees sisalduvad elemendid v\u00f5ivad kaasa aidata v\u00e4rvide tuhmumisele.<\/p>\n<\/div>\n<\/div>\n<\/div>\n<\/div>\n<\/div>\n<\/div>\n<\/div>\n<\/div>\n<\/div>\n<\/div>\n<\/div>\n\n\n\n<div class=\"wp-block-columns is-layout-flex wp-container-core-columns-is-layout-28f84493 wp-block-columns-is-layout-flex\">\n<div class=\"wp-block-column is-layout-flow wp-block-column-is-layout-flow\">\n<h3 class=\"wp-block-heading\">V\u00e4rvi tuhmumist soodustavad tegurid<\/h3>\n\n\n\n<p id=\"viewer-block 30\">V\u00e4rvi tuhmumist soodustavad mitmed tegurid. Nende hulka kuuluvad kasutatava v\u00e4rvi t\u00fc\u00fcp (p\u00fcsiv v\u00f5i poolp\u00fcsiv), v\u00e4rv ise (punased toonid kipuvad kiiremini tuhmuma) ja teie juuksehooldusrutiin. Juuksev\u00e4rvi toetavate toodete kasutamine ja kuumaga t\u00f6\u00f6tlemise piiramine aeglustab v\u00e4rvi pleekimist.<\/p>\n<\/div>\n<\/div>\n\n\n\n<div class=\"wp-block-columns is-layout-flex wp-container-core-columns-is-layout-28f84493 wp-block-columns-is-layout-flex\">\n<div class=\"wp-block-column is-layout-flow wp-block-column-is-layout-flow\">\n<h3 class=\"wp-block-heading\">Juuste kaitsmine keskkonnategurite eest<\/h3>\n\n\n\n<p id=\"viewer-block 64\">Keskkonnategurid, nagu p\u00e4ikese k\u00e4es viibimine ja kloori vesi, v\u00f5ivad p\u00f5hjustada juuste v\u00e4rvi tuhmumist. Kaitske oma juukseid, kandes p\u00e4ikese k\u00e4es viibides m\u00fctsi ja loputades  juukseid kohe p\u00e4rast basseinis ujumist.<\/p>\n<\/div>\n<\/div>\n\n\n\n<div class=\"wp-block-columns is-layout-flex wp-container-core-columns-is-layout-28f84493 wp-block-columns-is-layout-flex\">\n<div class=\"wp-block-column is-layout-flow wp-block-column-is-layout-flow\">\n<h3 class=\"wp-block-heading\">Toitvad ja niisutavad juuste erihooldused ja -l\u00f5ikused s\u00e4rava, elava v\u00e4rvi saamiseks<\/h3>\n\n\n\n<p class=\"has-text-align-left\" id=\"viewer-block 68\">Regulaarsed juuksehooldused ja l\u00f5ikused aitavad samuti teie v\u00e4rvi s\u00e4ilitada. Sellised hooldused nagu s\u00fcgavniisutus ja juuste toimine taastavad v\u00e4rvitud juuste tervise ja s\u00e4ra. Regulaared juuste l\u00f5ikused eemaldavad l\u00f5henenud juukseotsad ja hoiavad teie juuksed v\u00e4rske ja eluj\u00f5ulisena ning annavad kohevust.<\/p>\n<\/div>\n<\/div>\n\n\n\n<div class=\"wp-block-columns is-layout-flex wp-container-core-columns-is-layout-28f84493 wp-block-columns-is-layout-flex\">\n<div class=\"wp-block-column is-layout-flow wp-block-column-is-layout-flow\">\n<p><strong>Aga kui kasutate ajutisi v\u00e4rve v\u00f5i proovite lihtsalt \u00fchekordseks s\u00fcndmuseks uut v\u00e4limust, v\u00f5ivad kodused alternatiivid olla hea valik.<\/strong><\/p>\n<\/div>\n<\/div>\n\n\n\n<div class=\"wp-block-buttons is-content-justification-center is-layout-flex wp-container-core-buttons-is-layout-a89b3969 wp-block-buttons-is-layout-flex\">\n<div class=\"wp-block-button\"><a class=\"wp-block-button__link has-text-align-center wp-element-button\" href=\"https:\/\/salongildi.ee\/broneering\/kontakt\/\">Broneeri<\/a><\/div>\n<\/div>\n","protected":false},"excerpt":{"rendered":"<p>Kuidas v\u00e4rv aja jooksul tuhmub Juuksev\u00e4rv tuhmub aja jooksul erinevate tegurite m\u00f5jul. Juuste pesemine, p\u00e4ikese k\u00e4es viibimine ja kuumuse kujundamine v\u00f5ivad k\u00f5ik p\u00f5hjustada v\u00e4rvi tuhmumist. Isegi teie kraanivees sisalduvad elemendid v\u00f5ivad kaasa aidata v\u00e4rvide tuhmumisele. V\u00e4rvi tuhmumist soodustavad tegurid V\u00e4rvi tuhmumist soodustavad mitmed tegurid. Nende hulka kuuluvad kasutatava v\u00e4rvi t\u00fc\u00fcp (p\u00fcsiv v\u00f5i poolp\u00fcsiv), v\u00e4rv ise [&hellip;]<\/p>\n","protected":false},"author":1,"featured_media":0,"parent":0,"menu_order":0,"comment_status":"closed","ping_status":"closed","template":"no-title","meta":{"om_disable_all_campaigns":false,"_monsterinsights_skip_tracking":false,"_monsterinsights_sitenote_active":false,"_monsterinsights_sitenote_note":"","_monsterinsights_sitenote_category":0,"_uf_show_specific_survey":0,"_uf_disable_surveys":false,"footnotes":""},"class_list":["post-20","page","type-page","status-publish","hentry"],"aioseo_notices":[],"_links":{"self":[{"href":"https:\/\/salongildi.ee\/et\/wp-json\/wp\/v2\/pages\/20","targetHints":{"allow":["GET"]}}],"collection":[{"href":"https:\/\/salongildi.ee\/et\/wp-json\/wp\/v2\/pages"}],"about":[{"href":"https:\/\/salongildi.ee\/et\/wp-json\/wp\/v2\/types\/page"}],"author":[{"embeddable":true,"href":"https:\/\/salongildi.ee\/et\/wp-json\/wp\/v2\/users\/1"}],"replies":[{"embeddable":true,"href":"https:\/\/salongildi.ee\/et\/wp-json\/wp\/v2\/comments?post=20"}],"version-history":[{"count":8,"href":"https:\/\/salongildi.ee\/et\/wp-json\/wp\/v2\/pages\/20\/revisions"}],"predecessor-version":[{"id":392,"href":"https:\/\/salongildi.ee\/et\/wp-json\/wp\/v2\/pages\/20\/revisions\/392"}],"wp:attachment":[{"href":"https:\/\/salongildi.ee\/et\/wp-json\/wp\/v2\/media?parent=20"}],"curies":[{"name":"wp","href":"https:\/\/api.w.org\/{rel}","templated":true}]}}